{"id":12,"date":"2026-03-06T13:42:53","date_gmt":"2026-03-06T13:42:53","guid":{"rendered":"https:\/\/amistadcuba.nl\/?page_id=12"},"modified":"2026-04-16T17:29:00","modified_gmt":"2026-04-16T17:29:00","slug":"home","status":"publish","type":"page","link":"https:\/\/amistadcuba.nl\/es\/","title":{"rendered":"Casa"},"content":{"rendered":"<div class=\"et_pb_section_0 et_pb_section et_section_regular et_flex_section\">\n<div class=\"et_pb_row_0 et_pb_row et_flex_row\">\n<div class=\"et_pb_column_0 et_pb_column et-last-child et_flex_column et_pb_css_mix_blend_mode_passthrough et_flex_column_24_24 et_flex_column_24_24_tablet et_flex_column_24_24_phone\">\n<div class=\"et_pb_text_0 et_pb_text et_pb_bg_layout_dark et_pb_module et_flex_module\"><div class=\"et_pb_text_inner\"><h1 style=\"text-align: center;\">Fundaci\u00f3n Amistad con Cuba<\/h1>\n<\/div><\/div>\n\n<div class=\"et_pb_text_1 et_pb_text et_pb_bg_layout_light et_pb_module et_flex_module\"><div class=\"et_pb_text_inner\"><p style=\"text-align: center;\">La amistad cambia vidas<\/p>\n<\/div><\/div>\n\n<div class=\"et_pb_module et_pb_button_module_wrapper et_pb_button_0_wrapper\"><a class=\"et_pb_button_0 et_pb_button et_pb_bg_layout_dark et_pb_module et_flex_module\" href=\"https:\/\/amistadcuba.nl\/es\/doneren\/\">Ap\u00f3yanos<\/a><\/div>\n<\/div>\n<\/div>\n<\/div>\n\n<div class=\"et_pb_section_1 et_pb_section et_section_regular et_flex_section\">\n<div class=\"et_pb_row_1 et_pb_row et_flex_row\">\n<div class=\"et_pb_column_1 et_pb_column et_flex_column et_pb_css_mix_blend_mode_passthrough et_flex_column_12_24 et_flex_column_12_24_tablet et_flex_column_24_24_phone\">\n<div class=\"et_pb_text_2 et_pb_text et_pb_bg_layout_light et_pb_module et_flex_module\"><div class=\"et_pb_text_inner\"><h2>Por qu\u00e9 Cuba necesita ayuda<\/h2>\n<\/div><\/div>\n\n<div class=\"et_pb_text_3 et_pb_text et_pb_bg_layout_light et_pb_module et_flex_module\"><div class=\"et_pb_text_inner\"><p>Cuba se encuentra en una profunda crisis social y econ\u00f3mica. Graves escaseces de alimentos, medicinas y electricidad marcan la vida cotidiana. Para muchas familias, el acceso a alimentos b\u00e1sicos y medicaci\u00f3n necesaria ya no es algo natural.<\/p>\n<\/div><\/div>\n\n<div class=\"et_pb_text_4 et_pb_text et_pb_bg_layout_light et_pb_module et_flex_module\"><div class=\"et_pb_text_inner\"><p>Detr\u00e1s de esta situaci\u00f3n hay personas reales: ancianos, ni\u00f1os y familias que necesitan apoyo.<\/p>\n<\/div><\/div>\n<\/div>\n\n<div class=\"et_pb_column_2 et_pb_column et-last-child et_flex_column et_pb_css_mix_blend_mode_passthrough et_flex_column_12_24 et_flex_column_12_24_tablet et_flex_column_24_24_phone\">\n<div class=\"et_pb_image_0 et_pb_image et_pb_module et_flex_module\"><span class=\"et_pb_image_wrap\"><img decoding=\"async\" data-src=\"https:\/\/amistadcuba.nl\/wp-content\/uploads\/2026\/03\/L1000825.jpg\" title=\"L1000825\" width=\"2000\" height=\"1331\" data-srcset=\"https:\/\/amistadcuba.nl\/wp-content\/uploads\/2026\/03\/L1000825.jpg 2000w, https:\/\/amistadcuba.nl\/wp-content\/uploads\/2026\/03\/L1000825-1280x852.jpg 1280w, https:\/\/amistadcuba.nl\/wp-content\/uploads\/2026\/03\/L1000825-980x652.jpg 980w, https:\/\/amistadcuba.nl\/wp-content\/uploads\/2026\/03\/L1000825-480x319.jpg 480w\" data-sizes=\"(min-width: 0px) and (max-width: 480px) 480px, (min-width: 481px) and (max-width: 980px) 980px, (min-width: 981px) and (max-width: 1280px) 1280px, (min-width: 1281px) 2000px, 100vw\" class=\"wp-image-37 lazyload\" src=\"data:image\/svg+xml;base64,PHN2ZyB3aWR0aD0iMSIgaGVpZ2h0PSIxIiB4bWxucz0iaHR0cDovL3d3dy53My5vcmcvMjAwMC9zdmciPjwvc3ZnPg==\" style=\"--smush-placeholder-width: 2000px; --smush-placeholder-aspect-ratio: 2000\/1331;\" \/><\/span><\/div>\n<\/div>\n<\/div>\n<\/div>\n\n<div class=\"et_pb_section_2 et_pb_section et_section_regular et_flex_section\">\n<div class=\"et_pb_row_2 et_pb_row et_flex_row\">\n<div class=\"et_pb_column_3 et_pb_column et-last-child et_flex_column et_pb_css_mix_blend_mode_passthrough et_flex_column_24_24 et_flex_column_24_24_tablet et_flex_column_24_24_phone\">\n<div class=\"et_pb_text_5 et_pb_text et_pb_bg_layout_light et_pb_module et_flex_module\"><div class=\"et_pb_text_inner\"><p>\u00bfQu\u00e9 hacemos?<\/p>\n<\/div><\/div>\n\n<div class=\"et_pb_text_6 et_pb_text et_pb_bg_layout_light et_pb_module et_flex_module\"><div class=\"et_pb_text_inner\"><h3>Ayuda directa donde m\u00e1s se necesita<\/h3>\n<\/div><\/div>\n<\/div>\n<\/div>\n\n<div class=\"et_pb_row_3 et_pb_row et_flex_row\">\n<div class=\"et_pb_column_4 et_pb_column et_flex_column et_pb_css_mix_blend_mode_passthrough et_flex_column_8_24 et_flex_column_8_24_tablet et_flex_column_24_24_phone\">\n<div class=\"et_pb_image_1 et_pb_image et_pb_module et_flex_module\"><span class=\"et_pb_image_wrap\"><img decoding=\"async\" data-src=\"https:\/\/amistadcuba.nl\/wp-content\/uploads\/2026\/03\/icon-1.png\" title=\"icono 1\" width=\"64\" height=\"64\" data-sizes=\"(max-width: 64px) 100vw, 64px\" class=\"wp-image-31 lazyload\" src=\"data:image\/svg+xml;base64,PHN2ZyB3aWR0aD0iMSIgaGVpZ2h0PSIxIiB4bWxucz0iaHR0cDovL3d3dy53My5vcmcvMjAwMC9zdmciPjwvc3ZnPg==\" style=\"--smush-placeholder-width: 64px; --smush-placeholder-aspect-ratio: 64\/64;\" \/><\/span><\/div>\n\n<div class=\"et_pb_text_7 et_pb_text et_pb_bg_layout_light et_pb_module et_flex_module\"><div class=\"et_pb_text_inner\"><h4 style=\"text-align: center;\">Distribuci\u00f3n de platos<\/h4>\n<\/div><\/div>\n\n<div class=\"et_pb_text_8 et_pb_text et_pb_bg_layout_light et_pb_module et_flex_module\"><div class=\"et_pb_text_inner\"><p style=\"text-align: center;\">Alimentos y medicamentos llegan directamente a las familias que m\u00e1s los necesitan.<\/p>\n<\/div><\/div>\n<\/div>\n\n<div class=\"et_pb_column_5 et_pb_column et_flex_column et_pb_css_mix_blend_mode_passthrough et_flex_column_8_24 et_flex_column_8_24_tablet et_flex_column_24_24_phone\">\n<div class=\"et_pb_image_2 et_pb_image et_pb_module et_flex_module\"><span class=\"et_pb_image_wrap\"><img decoding=\"async\" data-src=\"https:\/\/amistadcuba.nl\/wp-content\/uploads\/2026\/03\/icon-2.png\" title=\"icono 2\" width=\"64\" height=\"64\" data-sizes=\"(max-width: 64px) 100vw, 64px\" class=\"wp-image-32 lazyload\" src=\"data:image\/svg+xml;base64,PHN2ZyB3aWR0aD0iMSIgaGVpZ2h0PSIxIiB4bWxucz0iaHR0cDovL3d3dy53My5vcmcvMjAwMC9zdmciPjwvc3ZnPg==\" style=\"--smush-placeholder-width: 64px; --smush-placeholder-aspect-ratio: 64\/64;\" \/><\/span><\/div>\n\n<div class=\"et_pb_text_9 et_pb_text et_pb_bg_layout_light et_pb_module et_flex_module\"><div class=\"et_pb_text_inner\"><h4 style=\"text-align: center;\">Cooperaci\u00f3n local<\/h4>\n<\/div><\/div>\n\n<div class=\"et_pb_text_10 et_pb_text et_pb_bg_layout_light et_pb_module et_flex_module\"><div class=\"et_pb_text_inner\"><p style=\"text-align: center;\">Trabajamos con coordinadores locales que conocen la situaci\u00f3n en el lugar.<\/p>\n<\/div><\/div>\n<\/div>\n\n<div class=\"et_pb_column_6 et_pb_column et-last-child et_flex_column et_pb_css_mix_blend_mode_passthrough et_flex_column_8_24 et_flex_column_8_24_tablet et_flex_column_24_24_phone\">\n<div class=\"et_pb_image_3 et_pb_image et_pb_module et_flex_module\"><span class=\"et_pb_image_wrap\"><img decoding=\"async\" data-src=\"https:\/\/amistadcuba.nl\/wp-content\/uploads\/2026\/03\/icon-3.png\" title=\"icono 3\" width=\"64\" height=\"64\" data-sizes=\"(max-width: 64px) 100vw, 64px\" class=\"wp-image-33 lazyload\" src=\"data:image\/svg+xml;base64,PHN2ZyB3aWR0aD0iMSIgaGVpZ2h0PSIxIiB4bWxucz0iaHR0cDovL3d3dy53My5vcmcvMjAwMC9zdmciPjwvc3ZnPg==\" style=\"--smush-placeholder-width: 64px; --smush-placeholder-aspect-ratio: 64\/64;\" \/><\/span><\/div>\n\n<div class=\"et_pb_text_11 et_pb_text et_pb_bg_layout_light et_pb_module et_flex_module\"><div class=\"et_pb_text_inner\"><h4 style=\"text-align: center;\">Gasto transparente<\/h4>\n<\/div><\/div>\n\n<div class=\"et_pb_text_12 et_pb_text et_pb_bg_layout_light et_pb_module et_flex_module\"><div class=\"et_pb_text_inner\"><p style=\"text-align: center;\">Cada euro se contabiliza y se utiliza dirigido a proyectos. Sin gastos generales.<\/p>\n<\/div><\/div>\n<\/div>\n<\/div>\n\n<div class=\"et_pb_row_4 et_pb_row et_flex_row\">\n<div class=\"et_pb_column_7 et_pb_column et-last-child et_flex_column et_pb_css_mix_blend_mode_passthrough et_flex_column_24_24 et_flex_column_24_24_tablet et_flex_column_24_24_phone\">\n<div class=\"et_pb_text_13 et_pb_text et_pb_bg_layout_light et_pb_module et_flex_module\"><div class=\"et_pb_text_inner\"><h3 style=\"text-align: center;\">Ayuda para hoy \u2014 perspectiva para ma\u00f1ana<\/h3>\n<\/div><\/div>\n\n<div class=\"et_pb_text_14 et_pb_text et_pb_bg_layout_light et_pb_module et_flex_module\"><div class=\"et_pb_text_inner\"><p style=\"text-align: center;\">Adem\u00e1s de la ayuda de emergencia aguda, apoyamos iniciativas educativas a peque\u00f1a escala. Creemos que la mejora estructural solo puede surgir si las personas tienen la oportunidad de aprender y desarrollarse.<\/p>\n<\/div><\/div>\n<\/div>\n<\/div>\n<\/div>\n\n<div class=\"et_pb_section_3 et_pb_section et_section_regular et_flex_section\">\n<div class=\"et_pb_row_5 et_pb_row et_flex_row\">\n<div class=\"et_pb_column_8 et_pb_column et_flex_column et_pb_css_mix_blend_mode_passthrough et_flex_column_12_24 et_flex_column_12_24_tablet et_flex_column_24_24_phone\">\n<div class=\"et_pb_image_4 et_pb_image et_pb_module et_flex_module\"><span class=\"et_pb_image_wrap\"><img decoding=\"async\" data-src=\"https:\/\/amistadcuba.nl\/wp-content\/uploads\/2026\/03\/L1000834.jpg\" title=\"L1000834\" width=\"2000\" height=\"1331\" data-srcset=\"https:\/\/amistadcuba.nl\/wp-content\/uploads\/2026\/03\/L1000834.jpg 2000w, https:\/\/amistadcuba.nl\/wp-content\/uploads\/2026\/03\/L1000834-1280x852.jpg 1280w, https:\/\/amistadcuba.nl\/wp-content\/uploads\/2026\/03\/L1000834-980x652.jpg 980w, https:\/\/amistadcuba.nl\/wp-content\/uploads\/2026\/03\/L1000834-480x319.jpg 480w\" data-sizes=\"(min-width: 0px) and (max-width: 480px) 480px, (min-width: 481px) and (max-width: 980px) 980px, (min-width: 981px) and (max-width: 1280px) 1280px, (min-width: 1281px) 2000px, 100vw\" class=\"wp-image-38 lazyload\" src=\"data:image\/svg+xml;base64,PHN2ZyB3aWR0aD0iMSIgaGVpZ2h0PSIxIiB4bWxucz0iaHR0cDovL3d3dy53My5vcmcvMjAwMC9zdmciPjwvc3ZnPg==\" style=\"--smush-placeholder-width: 2000px; --smush-placeholder-aspect-ratio: 2000\/1331;\" \/><\/span><\/div>\n<\/div>\n\n<div class=\"et_pb_column_9 et_pb_column et-last-child et_flex_column et_pb_css_mix_blend_mode_passthrough et_flex_column_12_24 et_flex_column_12_24_tablet et_flex_column_24_24_phone\">\n<div class=\"et_pb_text_15 et_pb_text et_pb_bg_layout_light et_pb_module et_flex_module\"><div class=\"et_pb_text_inner\"><h2>Convierte tu implicaci\u00f3n en ayuda concreta<\/h2>\n<\/div><\/div>\n\n<div class=\"et_pb_text_16 et_pb_text et_pb_bg_layout_light et_pb_module et_flex_module\"><div class=\"et_pb_text_inner\"><p>Como voluntario, puedes contribuir a nuestra misi\u00f3n de varias maneras:<\/p>\n<\/div><\/div>\n\n<div class=\"et_pb_group_0 et_pb_group et_pb_module et_flex_group et_pb_css_mix_blend_mode_passthrough\">\n<div class=\"et_pb_group_1 et_pb_group et_pb_module et_flex_group et_pb_css_mix_blend_mode_passthrough\">\n<div class=\"et_pb_image_5 et_pb_image et_pb_module et_flex_module\"><span class=\"et_pb_image_wrap\"><img decoding=\"async\" data-src=\"https:\/\/amistadcuba.nl\/wp-content\/uploads\/2026\/03\/icon-4-1.png\" title=\"icono 4\" width=\"40\" height=\"40\" data-sizes=\"(max-width: 40px) 100vw, 40px\" class=\"wp-image-77 lazyload\" src=\"data:image\/svg+xml;base64,PHN2ZyB3aWR0aD0iMSIgaGVpZ2h0PSIxIiB4bWxucz0iaHR0cDovL3d3dy53My5vcmcvMjAwMC9zdmciPjwvc3ZnPg==\" style=\"--smush-placeholder-width: 40px; --smush-placeholder-aspect-ratio: 40\/40;\" \/><\/span><\/div>\n\n<div class=\"et_pb_text_17 et_pb_text et_pb_bg_layout_light et_pb_module et_flex_module\"><div class=\"et_pb_text_inner\"><p>Recaudaci\u00f3n de fondos<\/p>\n<\/div><\/div>\n<\/div>\n\n<div class=\"et_pb_group_2 et_pb_group et_pb_module et_flex_group et_pb_css_mix_blend_mode_passthrough\">\n<div class=\"et_pb_image_6 et_pb_image et_pb_module et_flex_module\"><span class=\"et_pb_image_wrap\"><img decoding=\"async\" data-src=\"https:\/\/amistadcuba.nl\/wp-content\/uploads\/2026\/03\/icon-5-1.png\" title=\"icono 5\" width=\"40\" height=\"40\" data-sizes=\"(max-width: 40px) 100vw, 40px\" class=\"wp-image-78 lazyload\" src=\"data:image\/svg+xml;base64,PHN2ZyB3aWR0aD0iMSIgaGVpZ2h0PSIxIiB4bWxucz0iaHR0cDovL3d3dy53My5vcmcvMjAwMC9zdmciPjwvc3ZnPg==\" style=\"--smush-placeholder-width: 40px; --smush-placeholder-aspect-ratio: 40\/40;\" \/><\/span><\/div>\n\n<div class=\"et_pb_text_18 et_pb_text et_pb_bg_layout_light et_pb_module et_flex_module\"><div class=\"et_pb_text_inner\"><p>Donar<\/p>\n<\/div><\/div>\n<\/div>\n\n<div class=\"et_pb_group_3 et_pb_group et_pb_module et_flex_group et_pb_css_mix_blend_mode_passthrough\">\n<div class=\"et_pb_image_7 et_pb_image et_pb_module et_flex_module\"><span class=\"et_pb_image_wrap\"><img decoding=\"async\" data-src=\"https:\/\/amistadcuba.nl\/wp-content\/uploads\/2026\/03\/icon-6.png\" title=\"icono 6\" width=\"40\" height=\"40\" data-sizes=\"(max-width: 40px) 100vw, 40px\" class=\"wp-image-79 lazyload\" src=\"data:image\/svg+xml;base64,PHN2ZyB3aWR0aD0iMSIgaGVpZ2h0PSIxIiB4bWxucz0iaHR0cDovL3d3dy53My5vcmcvMjAwMC9zdmciPjwvc3ZnPg==\" style=\"--smush-placeholder-width: 40px; --smush-placeholder-aspect-ratio: 40\/40;\" \/><\/span><\/div>\n\n<div class=\"et_pb_text_19 et_pb_text et_pb_bg_layout_light et_pb_module et_flex_module\"><div class=\"et_pb_text_inner\"><p>Recaudar dinero \/ Recolectar<\/p>\n<\/div><\/div>\n<\/div>\n\n<div class=\"et_pb_group_4 et_pb_group et-last-child et_pb_module et_flex_group et_pb_css_mix_blend_mode_passthrough\">\n<div class=\"et_pb_image_8 et_pb_image et_pb_module et_flex_module\"><span class=\"et_pb_image_wrap\"><img decoding=\"async\" data-src=\"https:\/\/amistadcuba.nl\/wp-content\/uploads\/2026\/03\/icon-7.png\" title=\"icono 7\" width=\"40\" height=\"40\" data-sizes=\"(max-width: 40px) 100vw, 40px\" class=\"wp-image-80 lazyload\" src=\"data:image\/svg+xml;base64,PHN2ZyB3aWR0aD0iMSIgaGVpZ2h0PSIxIiB4bWxucz0iaHR0cDovL3d3dy53My5vcmcvMjAwMC9zdmciPjwvc3ZnPg==\" style=\"--smush-placeholder-width: 40px; --smush-placeholder-aspect-ratio: 40\/40;\" \/><\/span><\/div>\n\n<div class=\"et_pb_text_20 et_pb_text et_pb_bg_layout_light et_pb_module et_flex_module\"><div class=\"et_pb_text_inner\"><p dir=\"auto\">Ayudar con acciones<\/p>\n<\/div><\/div>\n<\/div>\n<\/div>\n\n<div class=\"et_pb_module et_pb_button_module_wrapper et_pb_button_1_wrapper\"><a class=\"et_pb_button_1 et_pb_button et_pb_bg_layout_dark et_pb_module et_flex_module\" href=\"mailto:vrijwilliger@amistadcuba.nl?subject=Vrijwilliger%20worden\">Voluntario<\/a><\/div>\n<\/div>\n<\/div>\n<\/div>\n\n<div class=\"et_pb_section_4 et_pb_section et_section_regular et_flex_section\">\n<div class=\"et_pb_row_6 et_pb_row et_flex_row\">\n<div class=\"et_pb_column_10 et_pb_column et-last-child et_flex_column et_pb_css_mix_blend_mode_passthrough et_flex_column_24_24 et_flex_column_24_24_tablet et_flex_column_24_24_phone\">\n<div class=\"et_pb_text_21 et_pb_text et_pb_bg_layout_light et_pb_module et_flex_module\"><div class=\"et_pb_text_inner\"><h2>Las \u00faltimas noticias<\/h2>\n<\/div><\/div>\n\n<div class=\"et_pb_blog_0 et_pb_blog et_pb_bg_layout_light et_pb_posts et_pb_module\"><div class=\"et_pb_ajax_pagination_container\"><div class=\"et_pb_posts et_grid_module\"><article class=\"et_pb_post et_pb_post_id_412 clearfix et_pb_blog_item_0_0 post-412 post type-post status-publish format-standard has-post-thumbnail hentry category-uncategorized\"><div class=\"et_pb_image_container\"><a href=\"https:\/\/amistadcuba.nl\/es\/2026\/04\/20\/in-pueblo-nuevo-brandt-de-zon-net-als-overal-maar-de-straat-voelt-zwaarder\/\" class=\"entry-featured-image-url\"><img decoding=\"async\" data-src=\"https:\/\/amistadcuba.nl\/wp-content\/uploads\/2026\/04\/L1000419-scaled.jpg\" width=\"400\" height=\"284\" alt=\"In Pueblo Nuevo brandt de zon net als overal, maar de straat voelt zwaarder.\" data-srcset=\"https:\/\/amistadcuba.nl\/wp-content\/uploads\/2026\/04\/L1000419-scaled.jpg 479w, https:\/\/amistadcuba.nl\/wp-content\/uploads\/2026\/04\/L1000419-400x284.jpg 480w\" data-sizes=\"(max-width:479px) 479px, 100vw\" src=\"data:image\/svg+xml;base64,PHN2ZyB3aWR0aD0iMSIgaGVpZ2h0PSIxIiB4bWxucz0iaHR0cDovL3d3dy53My5vcmcvMjAwMC9zdmciPjwvc3ZnPg==\" class=\"lazyload\" style=\"--smush-placeholder-width: 400px; --smush-placeholder-aspect-ratio: 400\/284;\" \/><span data-icon=\"\ue050\" class=\"et_overlay et_pb_inline_icon\"><\/span><\/a><\/div><h2 class=\"entry-title\"><a href=\"https:\/\/amistadcuba.nl\/es\/2026\/04\/20\/in-pueblo-nuevo-brandt-de-zon-net-als-overal-maar-de-straat-voelt-zwaarder\/\">En Pueblo Nuevo el sol brilla como en todas partes, pero la calle se siente m\u00e1s pesada.<\/a><\/h2><p class=\"post-meta\"><span class=\"published\">Abril 20, 2026<\/span><\/p><div class=\"post-content\"><div class=\"post-content-inner\"><p>En Pueblo Nuevo el sol brilla como en cualquier lugar, pero la calle se siente m\u00e1s pesada. Pesados son los pasos de la anciana que arrastra sus chanclas desgastadas, sabiendo que su pensi\u00f3n de 1543 pesos ni siquiera le alcanza para una botella de aceite, en la esperanza de un...<\/p>\n<\/div><\/div><\/article><article class=\"et_pb_post et_pb_post_id_404 clearfix et_pb_blog_item_0_1 post-404 post type-post status-publish format-standard has-post-thumbnail hentry category-uncategorized\"><div class=\"et_pb_image_container\"><a href=\"https:\/\/amistadcuba.nl\/es\/2026\/04\/20\/een-begin-klein-misschien-maar-wel-echt\/\" class=\"entry-featured-image-url\"><img decoding=\"async\" data-src=\"https:\/\/amistadcuba.nl\/wp-content\/uploads\/2026\/04\/IMG_0507-scaled.jpg\" width=\"400\" height=\"284\" alt=\"Een begin. Klein misschien. Maar wel echt.\" data-srcset=\"https:\/\/amistadcuba.nl\/wp-content\/uploads\/2026\/04\/IMG_0507-scaled.jpg 479w, https:\/\/amistadcuba.nl\/wp-content\/uploads\/2026\/04\/IMG_0507-400x284.jpg 480w\" data-sizes=\"(max-width:479px) 479px, 100vw\" src=\"data:image\/svg+xml;base64,PHN2ZyB3aWR0aD0iMSIgaGVpZ2h0PSIxIiB4bWxucz0iaHR0cDovL3d3dy53My5vcmcvMjAwMC9zdmciPjwvc3ZnPg==\" class=\"lazyload\" style=\"--smush-placeholder-width: 400px; --smush-placeholder-aspect-ratio: 400\/284;\" \/><span data-icon=\"\ue050\" class=\"et_overlay et_pb_inline_icon\"><\/span><\/a><\/div><h2 class=\"entry-title\"><a href=\"https:\/\/amistadcuba.nl\/es\/2026\/04\/20\/een-begin-klein-misschien-maar-wel-echt\/\">Un comienzo. Quiz\u00e1s peque\u00f1o. Pero real.<\/a><\/h2><p class=\"post-meta\"><span class=\"published\">Abril 20, 2026<\/span><\/p><div class=\"post-content\"><div class=\"post-content-inner\"><p>Un comienzo. Peque\u00f1o quiz\u00e1s. Pero real. El s\u00e1bado 25 de abril lanzaremos la Fundaci\u00f3n Amistad con Cuba en el Academiehuis De Grote Kerk en Zwolle. Un momento especial, en el que tambi\u00e9n estar\u00e1 presente la Embajadora de Cuba, Eva Yelina Silva Walker. Lo que comenz\u00f3 como un\u2026<\/p>\n<\/div><\/div><\/article><article class=\"et_pb_post et_pb_post_id_163 clearfix et_pb_blog_item_0_2 post-163 post type-post status-publish format-standard has-post-thumbnail hentry category-uncategorized\"><div class=\"et_pb_image_container\"><a href=\"https:\/\/amistadcuba.nl\/es\/2026\/04\/17\/template\/\" class=\"entry-featured-image-url\"><img decoding=\"async\" data-src=\"https:\/\/amistadcuba.nl\/wp-content\/uploads\/2026\/04\/L1000833-scaled.jpg\" width=\"400\" height=\"284\" alt=\"Wat wij doen (en wat wij niet doen)\" data-srcset=\"https:\/\/amistadcuba.nl\/wp-content\/uploads\/2026\/04\/L1000833-scaled.jpg 479w, https:\/\/amistadcuba.nl\/wp-content\/uploads\/2026\/04\/L1000833-400x284.jpg 480w\" data-sizes=\"(max-width:479px) 479px, 100vw\" src=\"data:image\/svg+xml;base64,PHN2ZyB3aWR0aD0iMSIgaGVpZ2h0PSIxIiB4bWxucz0iaHR0cDovL3d3dy53My5vcmcvMjAwMC9zdmciPjwvc3ZnPg==\" class=\"lazyload\" style=\"--smush-placeholder-width: 400px; --smush-placeholder-aspect-ratio: 400\/284;\" \/><span data-icon=\"\ue050\" class=\"et_overlay et_pb_inline_icon\"><\/span><\/a><\/div><h2 class=\"entry-title\"><a href=\"https:\/\/amistadcuba.nl\/es\/2026\/04\/17\/template\/\">Lo que hacemos (y lo que no hacemos)<\/a><\/h2><p class=\"post-meta\"><span class=\"published\">Abril 17, 2026<\/span><\/p><div class=\"post-content\"><div class=\"post-content-inner\"><p>Lo que hacemos (y lo que no hacemos) La Fundaci\u00f3n Amistad con Cuba se fund\u00f3 con un objetivo: ayudar a las personas que atraviesan dificultades. No desde la pol\u00edtica. No desde la ideolog\u00eda. Sino desde la humanidad. Lo que hacemos Ofrecemos ayuda directa y controlada a las personas\u2026<\/p>\n<\/div><\/div><\/article><\/div><\/div><\/div>\n\n<div class=\"et_pb_module et_pb_button_module_wrapper et_pb_button_2_wrapper\"><a class=\"et_pb_button_2 et_pb_button et_pb_bg_layout_dark et_pb_module et_flex_module\" href=\"https:\/\/amistadcuba.nl\/es\/blog\/\">Ver todos los mensajes<\/a><\/div>\n<\/div>\n<\/div>\n<\/div>","protected":false},"excerpt":{"rendered":"","protected":false},"author":2,"featured_media":0,"parent":0,"menu_order":0,"comment_status":"closed","ping_status":"closed","template":"","meta":{"footnotes":""},"class_list":["post-12","page","type-page","status-publish","hentry"],"_links":{"self":[{"href":"https:\/\/amistadcuba.nl\/es\/wp-json\/wp\/v2\/pages\/12","targetHints":{"allow":["GET"]}}],"collection":[{"href":"https:\/\/amistadcuba.nl\/es\/wp-json\/wp\/v2\/pages"}],"about":[{"href":"https:\/\/amistadcuba.nl\/es\/wp-json\/wp\/v2\/types\/page"}],"author":[{"embeddable":true,"href":"https:\/\/amistadcuba.nl\/es\/wp-json\/wp\/v2\/users\/2"}],"replies":[{"embeddable":true,"href":"https:\/\/amistadcuba.nl\/es\/wp-json\/wp\/v2\/comments?post=12"}],"version-history":[{"count":33,"href":"https:\/\/amistadcuba.nl\/es\/wp-json\/wp\/v2\/pages\/12\/revisions"}],"predecessor-version":[{"id":360,"href":"https:\/\/amistadcuba.nl\/es\/wp-json\/wp\/v2\/pages\/12\/revisions\/360"}],"wp:attachment":[{"href":"https:\/\/amistadcuba.nl\/es\/wp-json\/wp\/v2\/media?parent=12"}],"curies":[{"name":"wp","href":"https:\/\/api.w.org\/{rel}","templated":true}]}}