{"id":57,"date":"2026-03-06T13:43:33","date_gmt":"2026-03-06T13:43:33","guid":{"rendered":"https:\/\/amistadcuba.nl\/?page_id=57"},"modified":"2026-04-20T23:01:43","modified_gmt":"2026-04-20T23:01:43","slug":"blog","status":"publish","type":"page","link":"https:\/\/amistadcuba.nl\/es\/blog\/","title":{"rendered":"Blog"},"content":{"rendered":"<div class=\"et_pb_section_0 et_pb_section et_section_regular et_block_section\">\n<div class=\"et_pb_row_0 et_pb_row et_block_row\">\n<div class=\"et_pb_column_0 et_pb_column et_pb_column_4_4 et-last-child et_block_column et_pb_css_mix_blend_mode_passthrough\">\n<div class=\"et_pb_text_0 et_pb_text et_pb_bg_layout_light et_pb_module et_flex_module\"><div class=\"et_pb_text_inner\"><h1>Blog<\/h1>\n<\/div><\/div>\n<\/div>\n<\/div>\n\n<div class=\"et_pb_row_1 et_pb_row et_flex_row\">\n<div class=\"et_pb_column_1 et_pb_column et-last-child et_flex_column et_pb_css_mix_blend_mode_passthrough et_flex_column_24_24 et_flex_column_24_24_tablet et_flex_column_24_24_phone\">\n<div class=\"et_pb_image_0 et_pb_image et_pb_module et_flex_module\"><span class=\"et_pb_image_wrap\"><img decoding=\"async\" data-src=\"https:\/\/amistadcuba.nl\/wp-content\/uploads\/2026\/04\/IMG_3678-300x225.jpg\" title=\"Tahlia\" width=\"300\" height=\"225\" data-srcset=\"https:\/\/amistadcuba.nl\/wp-content\/uploads\/2026\/04\/IMG_3678-300x225.jpg 300w, https:\/\/amistadcuba.nl\/wp-content\/uploads\/2026\/04\/IMG_3678-1024x768.jpg 1024w, https:\/\/amistadcuba.nl\/wp-content\/uploads\/2026\/04\/IMG_3678-768x576.jpg 768w, https:\/\/amistadcuba.nl\/wp-content\/uploads\/2026\/04\/IMG_3678-1536x1152.jpg 1536w, https:\/\/amistadcuba.nl\/wp-content\/uploads\/2026\/04\/IMG_3678-2048x1536.jpg 2048w, https:\/\/amistadcuba.nl\/wp-content\/uploads\/2026\/04\/IMG_3678-16x12.jpg 16w, https:\/\/amistadcuba.nl\/wp-content\/uploads\/2026\/04\/IMG_3678-510x382.jpg 510w, https:\/\/amistadcuba.nl\/wp-content\/uploads\/2026\/04\/IMG_3678-1080x810.jpg 1080w, https:\/\/amistadcuba.nl\/wp-content\/uploads\/2026\/04\/IMG_3678-1280x960.jpg 1280w, https:\/\/amistadcuba.nl\/wp-content\/uploads\/2026\/04\/IMG_3678-980x735.jpg 980w, https:\/\/amistadcuba.nl\/wp-content\/uploads\/2026\/04\/IMG_3678-480x360.jpg 480w\" data-sizes=\"(max-width: 300px) 100vw, 300px\" class=\"wp-image-416 lazyload\" src=\"data:image\/svg+xml;base64,PHN2ZyB3aWR0aD0iMSIgaGVpZ2h0PSIxIiB4bWxucz0iaHR0cDovL3d3dy53My5vcmcvMjAwMC9zdmciPjwvc3ZnPg==\" style=\"--smush-placeholder-width: 300px; --smush-placeholder-aspect-ratio: 300\/225;\" \/><\/span><\/div>\n\n<div class=\"et_pb_text_1 et_pb_text et_pb_bg_layout_light et_pb_module et_flex_module\"><div class=\"et_pb_text_inner\"><p style=\"text-align: center;\"><strong>Actualizaciones, historias e ideas de Cuba y nuestro trabajo.<\/strong><\/p>\n<\/div><\/div>\n<\/div>\n<\/div>\n<\/div>\n\n<div class=\"et_pb_section_1 et_pb_section et_section_regular et_flex_section\">\n<div class=\"et_pb_row_2 et_pb_row et_flex_row\">\n<div class=\"et_pb_column_2 et_pb_column et_flex_column et_pb_css_mix_blend_mode_passthrough et_flex_column_3_5 et_flex_column_3_5_tablet et_flex_column_24_24_phone\">\n<div class=\"et_pb_blog_0 et_pb_blog et_pb_bg_layout_light et_pb_posts et_pb_module\"><div class=\"et_pb_ajax_pagination_container\"><div class=\"et_pb_posts et_flex_module\"><article class=\"et_pb_post et_pb_post_id_412 clearfix et_pb_blog_item_0_0 post-412 post type-post status-publish format-standard has-post-thumbnail hentry category-uncategorized\"><a href=\"https:\/\/amistadcuba.nl\/es\/2026\/04\/20\/in-pueblo-nuevo-brandt-de-zon-net-als-overal-maar-de-straat-voelt-zwaarder\/\" class=\"entry-featured-image-url\"><img decoding=\"async\" data-src=\"https:\/\/amistadcuba.nl\/wp-content\/uploads\/2026\/04\/L1000419-scaled.jpg\" width=\"1080\" height=\"675\" alt=\"In Pueblo Nuevo brandt de zon net als overal, maar de straat voelt zwaarder.\" class=\"et_pb_post_main_image lazyload\" src=\"data:image\/svg+xml;base64,PHN2ZyB3aWR0aD0iMSIgaGVpZ2h0PSIxIiB4bWxucz0iaHR0cDovL3d3dy53My5vcmcvMjAwMC9zdmciPjwvc3ZnPg==\" style=\"--smush-placeholder-width: 1080px; --smush-placeholder-aspect-ratio: 1080\/675;\" \/><span data-icon=\"\ue050\" class=\"et_overlay et_pb_inline_icon\"><\/span><\/a><h2 class=\"entry-title\"><a href=\"https:\/\/amistadcuba.nl\/es\/2026\/04\/20\/in-pueblo-nuevo-brandt-de-zon-net-als-overal-maar-de-straat-voelt-zwaarder\/\">En Pueblo Nuevo el sol brilla como en todas partes, pero la calle se siente m\u00e1s pesada.<\/a><\/h2><p class=\"post-meta\"><span class=\"published\">Abril 20, 2026<\/span> | <span class=\"entry-categories\"><a href=\"https:\/\/amistadcuba.nl\/es\/category\/uncategorized\/\" rel=\"tag\">Sin categor\u00eda<\/a><\/span><\/p><div class=\"post-content\"><div class=\"post-content-inner\"><p>En Pueblo Nuevo el sol brilla como en cualquier lugar, pero la calle se siente m\u00e1s pesada. Pesados son los pasos de la anciana que arrastra sus chanclas desgastadas, sabiendo que su pensi\u00f3n de 1543 pesos ni siquiera le alcanza para una botella de aceite, en la esperanza de un...<\/p>\n<\/div><a href=\"https:\/\/amistadcuba.nl\/es\/2026\/04\/20\/in-pueblo-nuevo-brandt-de-zon-net-als-overal-maar-de-straat-voelt-zwaarder\/\" class=\"more-link\">leer m\u00e1s<\/a><\/div><\/article><article class=\"et_pb_post et_pb_post_id_404 clearfix et_pb_blog_item_0_1 post-404 post type-post status-publish format-standard has-post-thumbnail hentry category-uncategorized\"><a href=\"https:\/\/amistadcuba.nl\/es\/2026\/04\/20\/een-begin-klein-misschien-maar-wel-echt\/\" class=\"entry-featured-image-url\"><img decoding=\"async\" data-src=\"https:\/\/amistadcuba.nl\/wp-content\/uploads\/2026\/04\/IMG_0507-scaled.jpg\" width=\"1080\" height=\"675\" alt=\"Een begin. Klein misschien. Maar wel echt.\" class=\"et_pb_post_main_image lazyload\" src=\"data:image\/svg+xml;base64,PHN2ZyB3aWR0aD0iMSIgaGVpZ2h0PSIxIiB4bWxucz0iaHR0cDovL3d3dy53My5vcmcvMjAwMC9zdmciPjwvc3ZnPg==\" style=\"--smush-placeholder-width: 1080px; --smush-placeholder-aspect-ratio: 1080\/675;\" \/><span data-icon=\"\ue050\" class=\"et_overlay et_pb_inline_icon\"><\/span><\/a><h2 class=\"entry-title\"><a href=\"https:\/\/amistadcuba.nl\/es\/2026\/04\/20\/een-begin-klein-misschien-maar-wel-echt\/\">Un comienzo. Quiz\u00e1s peque\u00f1o. Pero real.<\/a><\/h2><p class=\"post-meta\"><span class=\"published\">Abril 20, 2026<\/span> | <span class=\"entry-categories\"><a href=\"https:\/\/amistadcuba.nl\/es\/category\/uncategorized\/\" rel=\"tag\">Sin categor\u00eda<\/a><\/span><\/p><div class=\"post-content\"><div class=\"post-content-inner\"><p>Un comienzo. Peque\u00f1o quiz\u00e1s. Pero real. El s\u00e1bado 25 de abril lanzaremos la Fundaci\u00f3n Amistad con Cuba en el Academiehuis De Grote Kerk en Zwolle. Un momento especial, en el que tambi\u00e9n estar\u00e1 presente la Embajadora de Cuba, Eva Yelina Silva Walker. Lo que comenz\u00f3 como un\u2026<\/p>\n<\/div><a href=\"https:\/\/amistadcuba.nl\/es\/2026\/04\/20\/een-begin-klein-misschien-maar-wel-echt\/\" class=\"more-link\">leer m\u00e1s<\/a><\/div><\/article><article class=\"et_pb_post et_pb_post_id_163 clearfix et_pb_blog_item_0_2 post-163 post type-post status-publish format-standard has-post-thumbnail hentry category-uncategorized\"><a href=\"https:\/\/amistadcuba.nl\/es\/2026\/04\/17\/template\/\" class=\"entry-featured-image-url\"><img decoding=\"async\" data-src=\"https:\/\/amistadcuba.nl\/wp-content\/uploads\/2026\/04\/L1000833-scaled.jpg\" width=\"1080\" height=\"675\" alt=\"Wat wij doen (en wat wij niet doen)\" class=\"et_pb_post_main_image lazyload\" src=\"data:image\/svg+xml;base64,PHN2ZyB3aWR0aD0iMSIgaGVpZ2h0PSIxIiB4bWxucz0iaHR0cDovL3d3dy53My5vcmcvMjAwMC9zdmciPjwvc3ZnPg==\" style=\"--smush-placeholder-width: 1080px; --smush-placeholder-aspect-ratio: 1080\/675;\" \/><span data-icon=\"\ue050\" class=\"et_overlay et_pb_inline_icon\"><\/span><\/a><h2 class=\"entry-title\"><a href=\"https:\/\/amistadcuba.nl\/es\/2026\/04\/17\/template\/\">Lo que hacemos (y lo que no hacemos)<\/a><\/h2><p class=\"post-meta\"><span class=\"published\">Abril 17, 2026<\/span> | <span class=\"entry-categories\"><a href=\"https:\/\/amistadcuba.nl\/es\/category\/uncategorized\/\" rel=\"tag\">Sin categor\u00eda<\/a><\/span><\/p><div class=\"post-content\"><div class=\"post-content-inner\"><p>Lo que hacemos (y lo que no hacemos) La Fundaci\u00f3n Amistad con Cuba se fund\u00f3 con un objetivo: ayudar a las personas que atraviesan dificultades. No desde la pol\u00edtica. No desde la ideolog\u00eda. Sino desde la humanidad. Lo que hacemos Ofrecemos ayuda directa y controlada a las personas\u2026<\/p>\n<\/div><a href=\"https:\/\/amistadcuba.nl\/es\/2026\/04\/17\/template\/\" class=\"more-link\">leer m\u00e1s<\/a><\/div><\/article><article class=\"et_pb_post et_pb_post_id_341 clearfix et_pb_blog_item_0_3 post-341 post type-post status-publish format-standard has-post-thumbnail hentry category-uncategorized\"><a href=\"https:\/\/amistadcuba.nl\/es\/2026\/04\/17\/oprichting-amistad-cuba\/\" class=\"entry-featured-image-url\"><img decoding=\"async\" data-src=\"https:\/\/amistadcuba.nl\/wp-content\/uploads\/2026\/04\/Buscador.jpg\" width=\"1080\" height=\"675\" alt=\"Gerard van der Sluijs. Foto: Pedro Sluiter\" class=\"et_pb_post_main_image lazyload\" src=\"data:image\/svg+xml;base64,PHN2ZyB3aWR0aD0iMSIgaGVpZ2h0PSIxIiB4bWxucz0iaHR0cDovL3d3dy53My5vcmcvMjAwMC9zdmciPjwvc3ZnPg==\" style=\"--smush-placeholder-width: 1080px; --smush-placeholder-aspect-ratio: 1080\/675;\" \/><span data-icon=\"\ue050\" class=\"et_overlay et_pb_inline_icon\"><\/span><\/a><h2 class=\"entry-title\"><a href=\"https:\/\/amistadcuba.nl\/es\/2026\/04\/17\/oprichting-amistad-cuba\/\">Van vakantie naar Cuba naar een missie<\/a><\/h2><p class=\"post-meta\"><span class=\"published\">Abril 17, 2026<\/span> | <span class=\"entry-categories\"><a href=\"https:\/\/amistadcuba.nl\/es\/category\/uncategorized\/\" rel=\"tag\">Sin categor\u00eda<\/a><\/span><\/p><div class=\"post-content\"><div class=\"post-content-inner\"><p>Van vakantie naar Cuba naar een missie Niet een kaart. Niet een land. Geen politiek. Maar mensen. Soms begint iets kleins, zonder dat je weet wat het uiteindelijk zal worden. Voor mij begon het met een reis naar Cuba. Geen plan, geen missie \u2014 gewoon nieuwsgierigheid\u2026.<\/p>\n<\/div><a href=\"https:\/\/amistadcuba.nl\/es\/2026\/04\/17\/oprichting-amistad-cuba\/\" class=\"more-link\">leer m\u00e1s<\/a><\/div><\/article><\/div><div class=\"pagination clearfix\">\n\t<div class=\"alignleft\"><\/div>\n\t<div class=\"alignright\"><\/div>\n<\/div><\/div><\/div>\n<\/div>\n\n<div class=\"et_pb_column_3 et_pb_column et-last-child et_flex_column et_pb_css_mix_blend_mode_passthrough et_flex_column_2_5 et_flex_column_2_5_tablet et_flex_column_24_24_phone\">\n<div class=\"et_pb_group_0 et_pb_group et_pb_module et_flex_group et_pb_css_mix_blend_mode_passthrough\">\n<div class=\"et_pb_text_2 et_pb_text et_pb_bg_layout_light et_pb_module et_flex_module\"><div class=\"et_pb_text_inner\"><h3>Informes recientes<\/h3>\n<\/div><\/div>\n\n<div class=\"et_pb_blog_1 et_pb_blog et_pb_bg_layout_light et_pb_posts et_pb_module\"><div class=\"et_pb_ajax_pagination_container\"><div class=\"et_pb_posts et_flex_module\"><article class=\"et_pb_post et_pb_post_id_412 clearfix et_pb_blog_item_1_0 post-412 post type-post status-publish format-standard has-post-thumbnail hentry category-uncategorized\"><h2 class=\"entry-title\"><a href=\"https:\/\/amistadcuba.nl\/es\/2026\/04\/20\/in-pueblo-nuevo-brandt-de-zon-net-als-overal-maar-de-straat-voelt-zwaarder\/\">En Pueblo Nuevo el sol brilla como en todas partes, pero la calle se siente m\u00e1s pesada.<\/a><\/h2><p class=\"post-meta\"><span class=\"published\">Abril 20, 2026<\/span><\/p><div class=\"post-content\"><div class=\"post-content-inner\"><\/div><\/div><\/article><article class=\"et_pb_post et_pb_post_id_404 clearfix et_pb_blog_item_1_1 post-404 post type-post status-publish format-standard has-post-thumbnail hentry category-uncategorized\"><h2 class=\"entry-title\"><a href=\"https:\/\/amistadcuba.nl\/es\/2026\/04\/20\/een-begin-klein-misschien-maar-wel-echt\/\">Un comienzo. Quiz\u00e1s peque\u00f1o. Pero real.<\/a><\/h2><p class=\"post-meta\"><span class=\"published\">Abril 20, 2026<\/span><\/p><div class=\"post-content\"><div class=\"post-content-inner\"><\/div><\/div><\/article><article class=\"et_pb_post et_pb_post_id_163 clearfix et_pb_blog_item_1_2 post-163 post type-post status-publish format-standard has-post-thumbnail hentry category-uncategorized\"><h2 class=\"entry-title\"><a href=\"https:\/\/amistadcuba.nl\/es\/2026\/04\/17\/template\/\">Lo que hacemos (y lo que no hacemos)<\/a><\/h2><p class=\"post-meta\"><span class=\"published\">Abril 17, 2026<\/span><\/p><div class=\"post-content\"><div class=\"post-content-inner\"><\/div><\/div><\/article><\/div><\/div><\/div>\n<\/div>\n\n<div class=\"et_pb_signup_0 et_pb_signup et_pb_newsletter et_pb_subscribe et_pb_bg_layout_dark et_pb_module et_flex_module\"><div class=\"et_pb_newsletter_description\"><h2 class=\"et_pb_module_header\">Mantente al d\u00eda<\/h2><div class=\"et_pb_newsletter_description_content\"><p>Recibe actualizaciones sobre nuestros proyectos directamente en tu bandeja de entrada<\/p>\n<\/div><\/div><\/div>\n<\/div>\n<\/div>\n<\/div>","protected":false},"excerpt":{"rendered":"","protected":false},"author":2,"featured_media":416,"parent":0,"menu_order":0,"comment_status":"closed","ping_status":"closed","template":"","meta":{"footnotes":""},"class_list":["post-57","page","type-page","status-publish","has-post-thumbnail","hentry"],"_links":{"self":[{"href":"https:\/\/amistadcuba.nl\/es\/wp-json\/wp\/v2\/pages\/57","targetHints":{"allow":["GET"]}}],"collection":[{"href":"https:\/\/amistadcuba.nl\/es\/wp-json\/wp\/v2\/pages"}],"about":[{"href":"https:\/\/amistadcuba.nl\/es\/wp-json\/wp\/v2\/types\/page"}],"author":[{"embeddable":true,"href":"https:\/\/amistadcuba.nl\/es\/wp-json\/wp\/v2\/users\/2"}],"replies":[{"embeddable":true,"href":"https:\/\/amistadcuba.nl\/es\/wp-json\/wp\/v2\/comments?post=57"}],"version-history":[{"count":15,"href":"https:\/\/amistadcuba.nl\/es\/wp-json\/wp\/v2\/pages\/57\/revisions"}],"predecessor-version":[{"id":419,"href":"https:\/\/amistadcuba.nl\/es\/wp-json\/wp\/v2\/pages\/57\/revisions\/419"}],"wp:featuredmedia":[{"embeddable":true,"href":"https:\/\/amistadcuba.nl\/es\/wp-json\/wp\/v2\/media\/416"}],"wp:attachment":[{"href":"https:\/\/amistadcuba.nl\/es\/wp-json\/wp\/v2\/media?parent=57"}],"curies":[{"name":"wp","href":"https:\/\/api.w.org\/{rel}","templated":true}]}}